{"id":44,"date":"2024-02-02T15:32:35","date_gmt":"2024-02-02T18:32:35","guid":{"rendered":"https:\/\/allwavesbrasil.com.br\/?post_type=product&#038;p=44"},"modified":"2025-02-25T12:34:09","modified_gmt":"2025-02-25T15:34:09","slug":"kit-parma-04-sprays-tradicional-de-750-ml","status":"publish","type":"product","link":"https:\/\/allwavesbrasil.com.br\/index.php\/produto\/kit-parma-04-sprays-tradicional-de-750-ml\/","title":{"rendered":"KIT PARMA &#8211; 04 sprays tradicional de 750 ml"},"content":{"rendered":"<p><img fetchpriority=\"high\" decoding=\"async\" class=\"alignnone size-medium wp-image-169\" src=\"https:\/\/allwavesbrasil.com.br\/wp-content\/uploads\/2024\/02\/1-300x201.png\" alt=\"\" width=\"300\" height=\"201\" srcset=\"https:\/\/allwavesbrasil.com.br\/wp-content\/uploads\/2024\/02\/1-300x201.png 300w, https:\/\/allwavesbrasil.com.br\/wp-content\/uploads\/2024\/02\/1-600x403.png 600w, https:\/\/allwavesbrasil.com.br\/wp-content\/uploads\/2024\/02\/1.png 670w\" sizes=\"(max-width: 300px) 100vw, 300px\" \/><\/p>\n","protected":false},"excerpt":{"rendered":"<p>Laca para cabelo com Pantenol<br \/>\n750 ml<\/p>\n<div class=\"woocommerce-product-details__short-description\">\n<h5><strong>Laca<\/strong>\u00a0enriquecida com\u00a0<strong>Pathenol<\/strong>\u00a0.\u00a0F\u00f3rmula anti-umidade, fixa\u00e7\u00e3o intensa e sustentada.<\/h5>\n<h5><strong>como funciona<\/strong><\/h5>\n<h5>M\u00e1xima prote\u00e7\u00e3o contra\u00a0<strong>a umidade e suporte intenso<\/strong>\u00a0: pulverizado nos cabelos, o spray para cabelo proporciona um penteado naturalmente perfeito.\u00a0A a\u00e7\u00e3o filmog\u00eanica protege o cabelo mecha por mecha,\u00a0<strong>fixando o<\/strong>\u00a0penteado desejado.\u00a0Fixa\u00e7\u00e3o impec\u00e1vel por horas, cabelos brilhantes e macios, gra\u00e7as \u00e0s\u00a0<strong>propriedades hidratantes do Pantenol<\/strong>\u00a0.\u00a0<strong>Zero res\u00edduo<\/strong>\u00a0, desaparece com algumas pinceladas\u00a0<strong>sem endurecer<\/strong>\u00a0os cabelos.<\/h5>\n<h5><strong>+ informa\u00e7\u00f5es<\/strong><\/h5>\n<h5>Formato\u00a0 750ml\u00a0<strong>.\u00a0<\/strong>Agitar antes de usar.\u00a0Pulverize, a uma dist\u00e2ncia de 15 -20 cm, a dose suficiente para fixar o penteado no formato desejado.<\/h5>\n<\/div>\n","protected":false},"featured_media":169,"comment_status":"open","ping_status":"closed","template":"","meta":{"_joinchat":[]},"product_brand":[],"product_cat":[19],"product_tag":[],"class_list":{"0":"post-44","1":"product","2":"type-product","3":"status-publish","4":"has-post-thumbnail","6":"product_cat-sprays-allwaves","8":"first","9":"instock","10":"taxable","11":"shipping-taxable","12":"product-type-simple"},"jetpack_sharing_enabled":true,"_links":{"self":[{"href":"https:\/\/allwavesbrasil.com.br\/index.php\/wp-json\/wp\/v2\/product\/44","targetHints":{"allow":["GET"]}}],"collection":[{"href":"https:\/\/allwavesbrasil.com.br\/index.php\/wp-json\/wp\/v2\/product"}],"about":[{"href":"https:\/\/allwavesbrasil.com.br\/index.php\/wp-json\/wp\/v2\/types\/product"}],"replies":[{"embeddable":true,"href":"https:\/\/allwavesbrasil.com.br\/index.php\/wp-json\/wp\/v2\/comments?post=44"}],"wp:featuredmedia":[{"embeddable":true,"href":"https:\/\/allwavesbrasil.com.br\/index.php\/wp-json\/wp\/v2\/media\/169"}],"wp:attachment":[{"href":"https:\/\/allwavesbrasil.com.br\/index.php\/wp-json\/wp\/v2\/media?parent=44"}],"wp:term":[{"taxonomy":"product_brand","embeddable":true,"href":"https:\/\/allwavesbrasil.com.br\/index.php\/wp-json\/wp\/v2\/product_brand?post=44"},{"taxonomy":"product_cat","embeddable":true,"href":"https:\/\/allwavesbrasil.com.br\/index.php\/wp-json\/wp\/v2\/product_cat?post=44"},{"taxonomy":"product_tag","embeddable":true,"href":"https:\/\/allwavesbrasil.com.br\/index.php\/wp-json\/wp\/v2\/product_tag?post=44"}],"curies":[{"name":"wp","href":"https:\/\/api.w.org\/{rel}","templated":true}]}}